{"id":82,"date":"2014-03-06T13:59:56","date_gmt":"2014-03-06T13:59:56","guid":{"rendered":"http:\/\/demo.deliciousthemes.com\/patti\/?page_id=82"},"modified":"2022-12-14T17:49:24","modified_gmt":"2022-12-14T16:49:24","slug":"page-daccueil","status":"publish","type":"page","link":"https:\/\/coiffure-liberte.com\/","title":{"rendered":"Page d&#8217;accueil"},"content":{"rendered":"<p>[vc_row dt_no_mb=&#8221;no-margin&#8221; bg_color=&#8221;#ffffff&#8221;][vc_column][rev_slider_vc alias=&#8221;slider-site&#8221;][\/vc_column][\/vc_row][vc_row dt_no_mb=&#8221;no-margin&#8221; bg_color=&#8221;#fafafa&#8221; dt_padding_top=&#8221;100&#8243; dt_padding_bottom=&#8221;100&#8243; dt_id=&#8221;about&#8221;][vc_column][vc_row_inner][vc_column_inner]<div class=\"dt-title-wrapper\"><h1 class=\"section-title\">Coiffure Libert\u00e9, le concept<\/h1><\/div>[\/vc_column_inner][\/vc_row_inner][vc_row_inner][vc_column_inner][vc_widget_sidebar][vc_widget_sidebar][\/vc_column_inner][vc_column_inner width=&#8221;1\/3&#8243; css_animation=&#8221;bottom-to-top&#8221;][vc_column_text]<\/p>\n<h2><strong>Pourquoi Libert\u00e9 ?<\/strong><\/h2>\n<p>La libert\u00e9 est l\u2019\u00e9tat d\u2019une personne ou d\u2019un peuple qui ne subit pas de contraintes, de soumissions, de servitudes exerc\u00e9es par une autre personne, par un pouvoir tyrannique ou par une puissance \u00e9trang\u00e8re. C\u2019est aussi l\u2019\u00e9tat d\u2019une personne qui n\u2019est ni prisonni\u00e8re ni sous la d\u00e9pendance de quelqu\u2019un.[\/vc_column_text][vc_single_image image=&#8221;605&#8243; img_size=&#8221;full&#8221; alignment=&#8221;center&#8221;][\/vc_column_inner][vc_column_inner width=&#8221;1\/3&#8243; css_animation=&#8221;bottom-to-top&#8221;][vc_column_text]<\/p>\n<h2><strong>La Statue de la Libert\u00e9<\/strong><\/h2>\n<p>La statue de la Libert\u00e9 se situe sur Liberty Island, une petite \u00eele \u00e0 l\u2019entr\u00e9e du port de New-York. Son nom officiel est \u201cLa libert\u00e9 \u00e9clairant le monde\u201d. Elle a \u00e9t\u00e9 offerte par la France aux Etats-Unis en 1885 pour c\u00e9l\u00e9brer le centenaire de la d\u00e9claration d\u2019ind\u00e9pendance. D\u2019o\u00f9 son orientation face \u00e0 l\u2019Europe.<\/p>\n<p>Elle dispose de nombreux symboles : tout d\u2019abord, sa couronne dispose de 7 rayons qui repr\u00e9sentent \u00e0 la fois les 7 oc\u00e9ans (Pacifique Nord, Pacifique Sud, Atlantique Nord, Atlantique Sud, Oc\u00e9an Indien, Oc\u00e9an Arctique, Oc\u00e9an Antarctique) et les 7 continents (Am\u00e9rique du Nord, Am\u00e9rique du Sud, Afrique, Asie, Europe, Oc\u00e9anie, Antarctique) du monde. De plus, sur la tablette de la statue on peut y retrouver la date du jour de la d\u00e9claration de l\u2019ind\u00e9pendance des \u00c9tats-Unis : le 4 juillet 1776 (\u201cJULY IV MDCCLXXVI \u00bb). C\u2019est donc un symbole \u00e9vident \u00e0 la gloire des Am\u00e9ricains. Enfin, la statue a \u00e0 ses pieds une cha\u00eene bris\u00e9e de l\u2019esclavage, symbole de la libert\u00e9.[\/vc_column_text][\/vc_column_inner][\/vc_row_inner][vc_row_inner][vc_column_inner width=&#8221;1\/3&#8243; css_animation=&#8221;bottom-to-top&#8221;][\/vc_column_inner][vc_column_inner width=&#8221;1\/3&#8243; css_animation=&#8221;bottom-to-top&#8221;][\/vc_column_inner][\/vc_row_inner][\/vc_column][\/vc_row][vc_row dt_no_mb=&#8221;no-margin&#8221; bg_color=&#8221;#ffffff&#8221; dt_padding_top=&#8221;100&#8243; dt_padding_bottom=&#8221;100&#8243; dt_id=&#8221;team&#8221;][vc_column][vc_row_inner][vc_column_inner]<div class=\"dt-title-wrapper\"><h1 class=\"section-title\">salon Libert\u00e9<\/h1><\/div><h2 class=\"section-tagline\">Pensez au Bon Cadeau du Salon de Coiffure Libert\u00e9 ! Une surprise \u00e0 glisser sous le Sapin qui fera toujours plaisir !<\/h2>[vc_single_image image=&#8221;609&#8243; img_size=&#8221;vignette&#8221;][vc_gallery interval=&#8221;3&#8243; images=&#8221;620,621&#8243; img_size=&#8221;full&#8221;][\/vc_column_inner][\/vc_row_inner]<div style=\"clear:both; width:100%; height:60px\"><\/div>[vc_row_inner][vc_column_inner width=&#8221;1\/3&#8243; css_animation=&#8221;bottom-to-top&#8221;][vc_column_text]<img loading=\"lazy\" class=\"alignnone size-medium wp-image-572 aligncenter\" src=\"https:\/\/coiffure-liberte.com\/wp-content\/uploads\/2022\/12\/marylin-salon-liberte-toulon-281x300.jpg\" alt=\"\" width=\"281\" height=\"300\" srcset=\"https:\/\/coiffure-liberte.com\/wp-content\/uploads\/2022\/12\/marylin-salon-liberte-toulon-281x300.jpg 281w, https:\/\/coiffure-liberte.com\/wp-content\/uploads\/2022\/12\/marylin-salon-liberte-toulon-958x1024.jpg 958w, https:\/\/coiffure-liberte.com\/wp-content\/uploads\/2022\/12\/marylin-salon-liberte-toulon-768x821.jpg 768w, https:\/\/coiffure-liberte.com\/wp-content\/uploads\/2022\/12\/marylin-salon-liberte-toulon-1437x1536.jpg 1437w, https:\/\/coiffure-liberte.com\/wp-content\/uploads\/2022\/12\/marylin-salon-liberte-toulon-1916x2048.jpg 1916w, https:\/\/coiffure-liberte.com\/wp-content\/uploads\/2022\/12\/marylin-salon-liberte-toulon-780x834.jpg 780w, https:\/\/coiffure-liberte.com\/wp-content\/uploads\/2022\/12\/marylin-salon-liberte-toulon-1120x1197.jpg 1120w\" sizes=\"(max-width: 281px) 100vw, 281px\" \/><\/p>\n<p style=\"text-align: center;\"><strong>Direction<\/strong><br \/>\nMarylin Pina<\/p>\n<p>[\/vc_column_text][\/vc_column_inner][\/vc_row_inner][vc_row_inner][vc_column_inner width=&#8221;1\/3&#8243; css_animation=&#8221;bottom-to-top&#8221;][\/vc_column_inner][\/vc_row_inner][\/vc_column][\/vc_row][vc_row dt_text_scheme=&#8221;darker-overlay&#8221; dt_no_mb=&#8221;no-margin&#8221; bg_image=&#8221;507&#8243; bg_color=&#8221;#000000&#8243; dt_color_opacity=&#8221;70&#8243; dt_padding_top=&#8221;100&#8243; dt_padding_bottom=&#8221;100&#8243;][vc_column][vc_row_inner][vc_column_inner]<h2 class=\"parallax-quote\">\"Et par le pouvoir d'un mot'<br \/>\nJe recommence ma vie'<br \/>\nJe suis n\u00e9 pour te conna\u00eetre'<br \/>\nPour te nommer'<br \/>\nLibert\u00e9\"<\/h2><span class=\"quote-author\">Paul Eluard<\/span>[\/vc_column_inner][\/vc_row_inner][\/vc_column][\/vc_row][vc_row dt_no_mb=&#8221;no-margin&#8221; bg_color=&#8221;#ffffff&#8221; dt_color_opacity=&#8221;100&#8243; dt_padding_top=&#8221;100&#8243; dt_padding_bottom=&#8221;100&#8243; dt_id=&#8221;work&#8221;][vc_column][vc_row_inner][vc_column_inner css_animation=&#8221;top-to-bottom&#8221;]<div class=\"dt-title-wrapper\"><h1 class=\"section-title\">Galerie d'images, Salon Libert\u00e9<\/h1><\/div>[\/vc_column_inner][\/vc_row_inner]<div style=\"clear:both; width:100%; height:60px\"><\/div><section class=\"patti-grid\" id=\"gridwrapper_bbf\" data-token=\"ve9eI\"><section id=\"options\"><ul id=\"filters\" class=\"option-set clearfix\" data-option-key=\"filter\"><li class=\"all-projects\"><a href=\"#filter\" data-option-value=\"*\" class=\"selected active\">All<\/a><\/li><\/ul><\/section><div class=\"space\"><\/div><section id=\"portfolio-wrapper\"><ul class=\"portfolio grid isotope grid_bbf\"><li class=\"grid-item dt-project-595  item-long\"><a href=\"https:\/\/coiffure-liberte.com\/index.php\/portfolio\/salon-liberte-toulon\/\"><div class=\"grid-item-on-hover\"><div class=\"grid-text\"><h3>Salon Libert\u00e9 Toulon<\/h3><\/div><div><span><\/span><\/div><\/div><img class=\"lazy\" data-original=\"https:\/\/coiffure-liberte.com\/wp-content\/uploads\/2022\/12\/salon-liberte-coiffure-bijoux-toulon-scaled-762x295.jpg\" alt=\"\" \/><\/a><\/li><li class=\"grid-item dt-project-591  item-high\"><a href=\"https:\/\/coiffure-liberte.com\/index.php\/portfolio\/keune-for-men\/\"><div class=\"grid-item-on-hover\"><div class=\"grid-text\"><h3>Keune For Men<\/h3><\/div><div><span><\/span><\/div><\/div><img class=\"lazy\" data-original=\"https:\/\/coiffure-liberte.com\/wp-content\/uploads\/2022\/12\/salon-liberte-toulon-coiffure-hairdream-scaled-379x592.jpg\" alt=\"\" \/><\/a><\/li><li class=\"grid-item dt-project-530  item-high\"><a href=\"https:\/\/coiffure-liberte.com\/index.php\/portfolio\/tendance-chignon\/\"><div class=\"grid-item-on-hover\"><div class=\"grid-text\"><h3>Coiffage<\/h3><\/div><div><span><\/span><\/div><\/div><img class=\"lazy\" data-original=\"https:\/\/coiffure-liberte.com\/wp-content\/uploads\/2019\/11\/salon-liberte-toulon-coiffure-scaled-379x592.jpg\" alt=\"\" \/><\/a><\/li><li class=\"grid-item dt-project-280  item-small\"><a href=\"https:\/\/coiffure-liberte.com\/wp-content\/uploads\/2019\/05\/libertetoulon.jpg\" rel=\"prettyPhoto[portf_gal]\" title=\"coiffure toulon, keune\"><div class=\"grid-item-on-hover\"><div class=\"grid-text\"><h3>coiffure toulon, keune<\/h3><\/div><div><span><\/span><\/div><\/div><img class=\"lazy\" data-original=\"https:\/\/coiffure-liberte.com\/wp-content\/uploads\/2019\/05\/libertetoulon-379x295.jpg\" alt=\"\" \/><\/a><\/li><li class=\"grid-item dt-project-286  item-wide\"><a href=\"https:\/\/coiffure-liberte.com\/wp-content\/uploads\/2018\/01\/liberte-salon-toulon-1.jpg\" rel=\"prettyPhoto[portf_gal]\" title=\"coiffure, visagiste, coloriste &#038; espace beaut\u00e9\"><div class=\"grid-item-on-hover\"><div class=\"grid-text\"><h3>coiffure, visagiste, coloriste &#038; espace beaut\u00e9<\/h3><\/div><div><span><\/span><\/div><\/div><img class=\"lazy\" data-original=\"https:\/\/coiffure-liberte.com\/wp-content\/uploads\/2018\/01\/liberte-salon-toulon-1-762x592.jpg\" alt=\"\" \/><\/a><\/li><li class=\"grid-item dt-project-282  item-high\"><a href=\"https:\/\/coiffure-liberte.com\/wp-content\/uploads\/2018\/01\/hairdreams-hair-creation-scaled.jpg\" rel=\"prettyPhoto[portf_gal]\" title=\"Hairdreams &#8211; Cr\u00e9ation de cheveux\"><div class=\"grid-item-on-hover\"><div class=\"grid-text\"><h3>Hairdreams &#8211; Cr\u00e9ation de cheveux<\/h3><\/div><div><span><\/span><\/div><\/div><img class=\"lazy\" data-original=\"https:\/\/coiffure-liberte.com\/wp-content\/uploads\/2018\/01\/hairdreams-hair-creation-scaled-379x592.jpg\" alt=\"\" \/><\/a><\/li><li class=\"grid-item dt-project-278  item-small\"><a href=\"https:\/\/coiffure-liberte.com\/wp-content\/uploads\/2018\/02\/2015WK_Color_ColorCraving_US_1-1Carrousel_L.png\" rel=\"prettyPhoto[portf_gal]\" title=\"Colors Craving By Keune, Salon Libert\u00e9\"><div class=\"grid-item-on-hover\"><div class=\"grid-text\"><h3>Colors Craving By Keune, Salon Libert\u00e9<\/h3><\/div><div><span><\/span><\/div><\/div><img class=\"lazy\" data-original=\"https:\/\/coiffure-liberte.com\/wp-content\/uploads\/2018\/02\/2015WK_Color_ColorCraving_US_1-1Carrousel_L-379x295.png\" alt=\"\" \/><\/a><\/li><li class=\"grid-item dt-project-301  item-wide\"><a href=\"https:\/\/coiffure-liberte.com\/wp-content\/uploads\/2019\/11\/1libertecoiffuretoulon.jpg\" rel=\"prettyPhoto[portf_gal]\" title=\"Tendances\"><div class=\"grid-item-on-hover\"><div class=\"grid-text\"><h3>Tendances<\/h3><\/div><div><span><\/span><\/div><\/div><img class=\"lazy\" data-original=\"https:\/\/coiffure-liberte.com\/wp-content\/uploads\/2019\/11\/1libertecoiffuretoulon-762x592.jpg\" alt=\"\" \/><\/a><\/li><li class=\"grid-item dt-project-396  item-small\"><a href=\"https:\/\/coiffure-liberte.com\/wp-content\/uploads\/2018\/09\/Shooting-liberte-26-06-18-67-modifier.jpg\" rel=\"prettyPhoto[portf_gal]\" title=\"Conseils beaut\u00e9\"><div class=\"grid-item-on-hover\"><div class=\"grid-text\"><h3>Conseils beaut\u00e9<\/h3><\/div><div><span><\/span><\/div><\/div><img class=\"lazy\" data-original=\"https:\/\/coiffure-liberte.com\/wp-content\/uploads\/2018\/09\/Shooting-liberte-26-06-18-67-modifier-379x295.jpg\" alt=\"\" \/><\/a><\/li><li class=\"grid-item dt-project-259  item-high\"><a href=\"https:\/\/coiffure-liberte.com\/wp-content\/uploads\/2017\/12\/salon-liberte-16-rue-antrechaus-scaled.jpg\" rel=\"prettyPhoto[portf_gal]\" title=\"Salon Libert\u00e9 Toulon 16 Rue d&#8217;Antrechaus\"><div class=\"grid-item-on-hover\"><div class=\"grid-text\"><h3>Salon Libert\u00e9 Toulon 16 Rue d&#8217;Antrechaus<\/h3><\/div><div><span><\/span><\/div><\/div><img class=\"lazy\" data-original=\"https:\/\/coiffure-liberte.com\/wp-content\/uploads\/2017\/12\/salon-liberte-16-rue-antrechaus-scaled-379x592.jpg\" alt=\"\" \/><\/a><\/li><li class=\"grid-item dt-project-381  item-small\"><a href=\"https:\/\/coiffure-liberte.com\/wp-content\/uploads\/2017\/12\/IMG_5019.jpg\" rel=\"prettyPhoto[portf_gal]\" title=\"Identit\u00e9 visuelle, coiffure, salon libert\u00e9\"><div class=\"grid-item-on-hover\"><div class=\"grid-text\"><h3>Identit\u00e9 visuelle, coiffure, salon libert\u00e9<\/h3><\/div><div><span><\/span><\/div><\/div><img class=\"lazy\" data-original=\"https:\/\/coiffure-liberte.com\/wp-content\/uploads\/2017\/12\/IMG_5019-379x295.jpg\" alt=\"\" \/><\/a><\/li><li class=\"grid-item dt-project-265  item-long\"><a href=\"https:\/\/coiffure-liberte.com\/wp-content\/uploads\/2017\/12\/IMG_5012.jpg\" rel=\"prettyPhoto[portf_gal]\" title=\"produits keune\"><div class=\"grid-item-on-hover\"><div class=\"grid-text\"><h3>produits keune<\/h3><\/div><div><span><\/span><\/div><\/div><img class=\"lazy\" data-original=\"https:\/\/coiffure-liberte.com\/wp-content\/uploads\/2017\/12\/IMG_5012-762x295.jpg\" alt=\"\" \/><\/a><\/li><li class=\"grid-item dt-project-284  item-wide\"><a href=\"https:\/\/coiffure-liberte.com\/wp-content\/uploads\/2017\/12\/salon-liberte-coiffure-homme-femme-enfant-1-scaled.jpg\" rel=\"prettyPhoto[portf_gal]\" title=\"Coiffure Homme &#8211; Femme &#8211; Enfant\"><div class=\"grid-item-on-hover\"><div class=\"grid-text\"><h3>Coiffure Homme &#8211; Femme &#8211; Enfant<\/h3><\/div><div><span><\/span><\/div><\/div><img class=\"lazy\" data-original=\"https:\/\/coiffure-liberte.com\/wp-content\/uploads\/2017\/12\/salon-liberte-coiffure-homme-femme-enfant-1-scaled-762x592.jpg\" alt=\"\" \/><\/a><\/li><li class=\"grid-item dt-project-292  item-small\"><a href=\"https:\/\/coiffure-liberte.com\/wp-content\/uploads\/2017\/12\/keune-coiffure-men-toulon-1-scaled.jpg\" rel=\"prettyPhoto[portf_gal]\" title=\"produits keune \u00e0 toulon, salon libert\u00e9\"><div class=\"grid-item-on-hover\"><div class=\"grid-text\"><h3>produits keune \u00e0 toulon, salon libert\u00e9<\/h3><\/div><div><span><\/span><\/div><\/div><img class=\"lazy\" data-original=\"https:\/\/coiffure-liberte.com\/wp-content\/uploads\/2017\/12\/keune-coiffure-men-toulon-1-scaled-379x295.jpg\" alt=\"\" \/><\/a><\/li><li class=\"grid-item dt-project-263  item-small\"><a href=\"https:\/\/coiffure-liberte.com\/wp-content\/uploads\/2017\/12\/IMG_5013.jpg\" rel=\"prettyPhoto[portf_gal]\" title=\"Libert\u00e9, coiffure et beaut\u00e9 toulon\"><div class=\"grid-item-on-hover\"><div class=\"grid-text\"><h3>Libert\u00e9, coiffure et beaut\u00e9 toulon<\/h3><\/div><div><span><\/span><\/div><\/div><img class=\"lazy\" data-original=\"https:\/\/coiffure-liberte.com\/wp-content\/uploads\/2017\/12\/IMG_5013-379x295.jpg\" alt=\"\" \/><\/a><\/li><li class=\"grid-item dt-project-58  item-high\"><a href=\"https:\/\/coiffure-liberte.com\/index.php\/portfolio\/offrir\/\"><div class=\"grid-item-on-hover\"><div class=\"grid-text\"><h3>Offrir<\/h3><\/div><div><span><\/span><\/div><\/div><img class=\"lazy\" data-original=\"https:\/\/coiffure-liberte.com\/wp-content\/uploads\/2019\/11\/cheveuxlongs-1-379x592.jpg\" alt=\"\" \/><\/a><\/li><li class=\"grid-item dt-project-54  item-high\"><a href=\"https:\/\/coiffure-liberte.com\/wp-content\/uploads\/2019\/11\/toulonlibertecoiffure.jpg\" rel=\"prettyPhoto[portf_gal]\" title=\"Tendances coiffure\"><div class=\"grid-item-on-hover\"><div class=\"grid-text\"><h3>Tendances coiffure<\/h3><\/div><div><span><\/span><\/div><\/div><img class=\"lazy\" data-original=\"https:\/\/coiffure-liberte.com\/wp-content\/uploads\/2019\/11\/toulonlibertecoiffure-379x592.jpg\" alt=\"\" \/><\/a><\/li><\/ul><\/section><\/section><div class=\"space\"><\/div>[\/vc_column][\/vc_row][vc_row dt_no_mb=&#8221;no-margin&#8221; bg_image=&#8221;433&#8243; bg_color=&#8221;#ffffff&#8221; dt_color_opacity=&#8221;70&#8243; dt_padding_top=&#8221;100&#8243; dt_padding_bottom=&#8221;100&#8243; dt_id=&#8221;services&#8221;][vc_column][vc_row_inner][vc_column_inner css_animation=&#8221;bottom-to-top&#8221;]<div class=\"dt-title-wrapper\"><h1 class=\"section-title\">Services<\/h1><\/div><div style=\"clear:both; width:100%; height:60px\"><\/div><div class=\"homepage-services\"><div class=\"dt-service-wrapper ser-32\"><div class=\"dt-service-item\"><i class=\"fa fa-venus-mars\"><\/i><h3 class=\"service-title\">Coiffure<\/h3><\/div><div class=\"dt-service-hover\"><i class=\"fa fa-venus-mars\"><\/i><h3>Coiffure<\/h3><p>Apr\u00e8s un parcours dans les grands salons parisiens et trop\u00e9ziens, Marilyn s\u2019installe place de la Libert\u00e9 et nous fait part de son savoir-faire gr\u00e2ce \u00e0 son nouveau concept de salon de coiffure et beaut\u00e9 toulonnais. \r\nAccompagn\u00e9e de son \u00e9quipe d'expertes, vous serez chouchout\u00e9e.<\/p><\/div><\/div>nothing found.<div class=\"dt-service-wrapper ser-29\"><div class=\"dt-service-item\"><i class=\"fa fa-spinner\"><\/i><h3 class=\"service-title\">Couleur<\/h3><\/div><div class=\"dt-service-hover\"><i class=\"fa fa-spinner\"><\/i><h3>Couleur<\/h3><p>Sarah experte coloriste et coiffure trouvera la couleur adapt\u00e9e \u00e0 votre teint, gr\u00e2ce \u00e0 notre choix de produits et soins Keune.<\/p><\/div><\/div><div class=\"dt-service-wrapper ser-28\"><div class=\"dt-service-item\"><i class=\"fa fa-connectdevelop\"><\/i><h3 class=\"service-title\">Partenaires<\/h3><\/div><div class=\"dt-service-hover\"><i class=\"fa fa-connectdevelop\"><\/i><h3>Partenaires<\/h3><p>Nous avons choisi des marques de r\u00e9f\u00e9rences internationales telles que Keune pour les soins cheveux, Hairdreams pour vos extensions, Shellac pour les vernis semi-permanent et Gosh Cosmetics pour vos make-up soir\u00e9es ou quotidiens.<\/p><\/div><\/div><\/div>[\/vc_column_inner][\/vc_row_inner][\/vc_column][\/vc_row][vc_row dt_no_mb=&#8221;no-margin&#8221; bg_color=&#8221;#ffffff&#8221; dt_color_opacity=&#8221;100&#8243; dt_padding_top=&#8221;100&#8243; dt_padding_bottom=&#8221;100&#8243; dt_id=&#8221;horaires&#8221;][vc_column][vc_row_inner][vc_column_inner]<div class=\"dt-title-wrapper\"><h1 class=\"section-title\">Horaires <\/h1><\/div><div style=\"clear:both; width:100%; height:60px\"><\/div>[\/vc_column_inner][\/vc_row_inner][vc_row_inner][vc_column_inner]<div class=\"dt-service-elem content-center thin-fill\"><div class=\"dt-service-icon\"><i class=\"fa fa-calendar\"><\/i><\/div><div class=\"dt-service-content\"><h3 class=\"dt-service-title \">Du mardi au samedi<\/h3><p><\/p>\n<p style=\"text-align: center;\"><strong>Du Mardi au Samedi :<\/strong><\/p>\n<p style=\"text-align: center;\">&#8211; 9h \u00e0 18h, non-stop &#8211;<\/p>\n<p><\/p><\/div><\/div>[\/vc_column_inner][\/vc_row_inner][\/vc_column][\/vc_row][vc_row content_placement=&#8221;bottom&#8221; dt_text_scheme=&#8221;darker-overlay&#8221; dt_no_mb=&#8221;no-margin&#8221; bg_image=&#8221;318&#8243; bg_color=&#8221;#000000&#8243; dt_color_opacity=&#8221;70&#8243; dt_padding_top=&#8221;100&#8243; dt_padding_bottom=&#8221;100&#8243; dt_id=&#8221;contact&#8221;][vc_column][vc_row_inner][vc_column_inner]<div class=\"dt-title-wrapper\"><h1 class=\"section-title\">Salon Libert\u00e9 Toulon<\/h1><\/div><div style=\"clear:both; width:100%; height:60px\"><\/div>[\/vc_column_inner][\/vc_row_inner][vc_row_inner][vc_column_inner width=&#8221;1\/2&#8243;][vc_column_text el_id=&#8221;#ancrecontact&#8221;]<\/p>\n<h3>Contacts<\/h3>\n<ul class=\"contact-info\">\n<li>\n<h4><i class=\"fa fa-map-marker\"><\/i>16 Rue d&#8217;Antrechaus, 83000 Toulon<\/h4>\n<\/li>\n<li><i class=\"fa fa-phone\"><\/i><strong>04 98 07 83 03<\/strong><\/li>\n<li><i class=\"fa fa-globe\"><\/i><a href=\"#\">www.coiffure-liberte.com<\/a><\/li>\n<\/ul>\n<p>[\/vc_column_text][\/vc_column_inner][vc_column_inner width=&#8221;1\/2&#8243;]<div role=\"form\" class=\"wpcf7\" id=\"wpcf7-f69-o1\" lang=\"en-US\" dir=\"ltr\">\n<div class=\"screen-reader-response\"><p role=\"status\" aria-live=\"polite\" aria-atomic=\"true\"><\/p> <ul><\/ul><\/div>\n<form action=\"\/index.php\/wp-json\/wp\/v2\/pages\/82#wpcf7-f69-o1\" method=\"post\" class=\"wpcf7-form init\" novalidate=\"novalidate\" data-status=\"init\">\n<div style=\"display: none;\">\n<input type=\"hidden\" name=\"_wpcf7\" value=\"69\" \/>\n<input type=\"hidden\" name=\"_wpcf7_version\" value=\"5.4.2\" \/>\n<input type=\"hidden\" name=\"_wpcf7_locale\" value=\"en_US\" \/>\n<input type=\"hidden\" name=\"_wpcf7_unit_tag\" value=\"wpcf7-f69-o1\" \/>\n<input type=\"hidden\" name=\"_wpcf7_container_post\" value=\"0\" \/>\n<input type=\"hidden\" name=\"_wpcf7_posted_data_hash\" value=\"\" \/>\n<\/div>\n<div class=\"percent-one-half\"> <br \/>\n<span class=\"wpcf7-form-control-wrap your-name\"><input type=\"text\" name=\"your-name\" value=\"\" size=\"40\" class=\"wpcf7-form-control wpcf7-text wpcf7-validates-as-required\" aria-required=\"true\" aria-invalid=\"false\" placeholder=\"Nom\" \/><\/span><br \/>\n<\/div><br \/>\n<div class=\"percent-one-half column-last\"> <br \/>\n<span class=\"wpcf7-form-control-wrap your-email\"><input type=\"email\" name=\"your-email\" value=\"\" size=\"40\" class=\"wpcf7-form-control wpcf7-text wpcf7-email wpcf7-validates-as-required wpcf7-validates-as-email\" aria-required=\"true\" aria-invalid=\"false\" placeholder=\"Email\" \/><\/span><br \/>\n<\/div><br \/>\n<span class=\"wpcf7-form-control-wrap your-message\"><textarea name=\"your-message\" cols=\"40\" rows=\"10\" class=\"wpcf7-form-control wpcf7-textarea wpcf7-validates-as-required\" aria-required=\"true\" aria-invalid=\"false\" placeholder=\"Message\"><\/textarea><\/span><br \/>\n<input type=\"submit\" value=\"Envoyer\" class=\"wpcf7-form-control wpcf7-submit button black\" \/><\/p>\n<div class=\"wpcf7-response-output\" aria-hidden=\"true\"><\/div><\/form><\/div>[\/vc_column_inner][\/vc_row_inner][\/vc_column][\/vc_row][vc_row dt_no_mb=&#8221;no-margin&#8221; bg_color=&#8221;#ffffff&#8221;][vc_column]<div class=\"map-wrapper\" id=\"delicious_map_aeb\" data-token=\"eAijE\"><a class=\"button-map close-map\"><span>Localisation g\u00e9ographique <\/span><\/a><div id=\"google_map_aeb\"><\/div><\/div>[\/vc_column][\/vc_row]<\/p>\n","protected":false},"excerpt":{"rendered":"<p>[vc_row dt_no_mb=&#8221;no-margin&#8221; bg_color=&#8221;#ffffff&#8221;][vc_column][rev_slider_vc alias=&#8221;slider-site&#8221;][\/vc_column][\/vc_row][vc_row dt_no_mb=&#8221;no-margin&#8221; bg_color=&#8221;#fafafa&#8221; dt_padding_top=&#8221;100&#8243; dt_padding_bottom=&#8221;100&#8243; dt_id=&#8221;about&#8221;][vc_column][vc_row_inner][vc_column_inner][\/vc_column_inner][\/vc_row_inner][vc_row_inner][vc_column_inner][vc_widget_sidebar][vc_widget_sidebar][\/vc_column_inner][vc_column_inner width=&#8221;1\/3&#8243; css_animation=&#8221;bottom-to-top&#8221;][vc_column_text] Pourquoi Libert\u00e9 ? La libert\u00e9 est l\u2019\u00e9tat d\u2019une personne ou d\u2019un peuple qui ne&#8230;<\/p>\n<p class=\"readmore\"><a class=\"more-btn\" href=\"https:\/\/coiffure-liberte.com\/index.php\/services\/keune\/\">Read More<\/a><\/p>\n","protected":false},"author":1,"featured_media":0,"parent":0,"menu_order":0,"comment_status":"open","ping_status":"open","template":"template-homepage.php","meta":[],"_links":{"self":[{"href":"https:\/\/coiffure-liberte.com\/index.php\/wp-json\/wp\/v2\/pages\/82"}],"collection":[{"href":"https:\/\/coiffure-liberte.com\/index.php\/wp-json\/wp\/v2\/pages"}],"about":[{"href":"https:\/\/coiffure-liberte.com\/index.php\/wp-json\/wp\/v2\/types\/page"}],"author":[{"embeddable":true,"href":"https:\/\/coiffure-liberte.com\/index.php\/wp-json\/wp\/v2\/users\/1"}],"replies":[{"embeddable":true,"href":"https:\/\/coiffure-liberte.com\/index.php\/wp-json\/wp\/v2\/comments?post=82"}],"version-history":[{"count":93,"href":"https:\/\/coiffure-liberte.com\/index.php\/wp-json\/wp\/v2\/pages\/82\/revisions"}],"predecessor-version":[{"id":624,"href":"https:\/\/coiffure-liberte.com\/index.php\/wp-json\/wp\/v2\/pages\/82\/revisions\/624"}],"wp:attachment":[{"href":"https:\/\/coiffure-liberte.com\/index.php\/wp-json\/wp\/v2\/media?parent=82"}],"curies":[{"name":"wp","href":"https:\/\/api.w.org\/{rel}","templated":true}]}}